{"id":2411,"date":"2022-02-24T05:02:56","date_gmt":"2022-02-24T05:02:56","guid":{"rendered":"https:\/\/uruguaytransfers.com\/carbon-quebracho-blanco-de-primera-calidad-de-paraguay\/"},"modified":"2025-12-18T14:43:57","modified_gmt":"2025-12-18T14:43:57","slug":"carbon-quebracho-blanco-de-primera-calidad-de-paraguay","status":"publish","type":"page","link":"https:\/\/uruguaytransfers.com\/es\/","title":{"rendered":"Traslados privados desde Montevideo a los principales destinos tur\u00edsticos de Uruguay"},"content":{"rendered":"\n<div class=\"wp-block-uagb-container uagb-block-1f87dc6d alignfull uagb-is-root-container\"><div class=\"uagb-container-inner-blocks-wrap\">\n<div class=\"wp-block-uagb-info-box uagb-block-67c67dbc uagb-infobox__content-wrap  uagb-infobox-icon-above-title uagb-infobox-image-valign-top\"><div class=\"uagb-ifb-content\"><div class=\"uagb-ifb-title-wrap\"><h1 class=\"uagb-ifb-title\">Tu Servicio de Traslados Privados de Confianza en Uruguay<\/h1><\/div><p class=\"uagb-ifb-desc\">Transporte c\u00f3modo y puntual dise\u00f1ado en torno a tu viaje.<\/p><div class=\"uagb-ifb-button-wrapper wp-block-button\"><a href=\"https:\/\/api.whatsapp.com\/send\/?phone=595991850766&amp;text=Hello%2C+I+would+like+to+book+a+transfer&amp;type=phone_number&amp;app_absent=0\" class=\"uagb-infobox-cta-link wp-block-button__link\" target=\"_self\" rel=\"noopener noreferrer\" onclick=\"return true;\"><span class=\"uagb-inline-editing\">RESERVAR TRASLADO<\/span><\/a><\/div><\/div><\/div>\n<\/div><\/div>\n\n\n\n<div class=\"wp-block-uagb-container uagb-block-be8c9955 alignfull uagb-is-root-container\"><div class=\"uagb-container-inner-blocks-wrap\">\n<div class=\"wp-block-uagb-advanced-heading uagb-block-b6eb6c32\"><h2 class=\"uagb-heading-text\">Traslados privados fiables para todo tipo de viajeros<\/h2><\/div>\n\n\n\n<p class=\"has-black-color has-text-color has-link-color wp-elements-5d64b20ed6e593e8d8d1054b91bf5159\">En <strong>Uruguay Transfers<\/strong>, proporcionamos <strong>servicios de transporte privado desde Montevideo<\/strong> a los principales destinos tur\u00edsticos y de negocios del pa\u00eds, ofreciendo una experiencia de viaje segura, c\u00f3moda y completamente libre de estr\u00e9s.<\/p>\n\n\n\n<p class=\"has-black-color has-text-color has-link-color wp-elements-e0f95c6a92274c522809d22bf35e937b\">M\u00e1s que un simple traslado, ofrecemos un servicio que se preocupa de verdad: combinamos fiabilidad, atenci\u00f3n personalizada y veh\u00edculos de alta calidad para que disfrutes de cada kil\u00f3metro de tu viaje.<\/p>\n\n\n\n<p class=\"has-black-color has-text-color has-link-color wp-elements-df0cedb1cdcafe864bc83e6b0b88dbb9\">Nuestros conductores profesionales te recogen puntualmente en el lugar que elijas y te llevan con seguridad a tu destino con un servicio personalizado, veh\u00edculos modernos y precios transparentes. Tanto si viajas por ocio, negocios o motivos ejecutivos, adaptamos cada traslado a tus necesidades espec\u00edficas. <\/p>\n\n\n\n<p class=\"has-black-color has-text-color has-link-color wp-elements-5fd27274920df80c3958bba4f50df50e\">Desde el momento en que comienza tu viaje, puedes relajarte sabiendo que cada detalle ha sido cuidadosamente planificado.<\/p>\n\n\n\n<p class=\"has-black-color has-text-color has-link-color wp-elements-2ab0e3109ca643447a7b02d911a98d4e\">Conectamos Montevideo con los destinos m\u00e1s populares de Uruguay, entre ellos: Punta del Este, Colonia del Sacramento, Cabo Polonio, La Pedrera, Punta del Diablo y m\u00e1s.<\/p>\n\n\n\n<p class=\"has-black-color has-text-color has-link-color wp-elements-c05f41cd69f2c395980387c5109c00a8\"><strong>Vayas donde vayas, te llevaremos hasta all\u00ed.<br><\/strong><\/p>\n\n\n\n<p><\/p>\n\n\n\n<div class=\"wp-block-uagb-container uagb-block-55eb0d65\">\n<div class=\"wp-block-uagb-container uagb-block-afd2b76a\">\n<div class=\"wp-block-uagb-info-box uagb-block-73fb5bac uagb-infobox__content-wrap  uagb-infobox-icon-above-title uagb-infobox-image-valign-top\"><div class=\"uagb-ifb-content\"><div class=\"uagb-ifb-icon-wrap\"><svg xmlns=\"https:\/\/www.w3.org\/2000\/svg\" viewBox=\"0 0 512 512\"><path d=\"M0 256C0 114.6 114.6 0 256 0C397.4 0 512 114.6 512 256C512 397.4 397.4 512 256 512C114.6 512 0 397.4 0 256zM371.8 211.8C382.7 200.9 382.7 183.1 371.8 172.2C360.9 161.3 343.1 161.3 332.2 172.2L224 280.4L179.8 236.2C168.9 225.3 151.1 225.3 140.2 236.2C129.3 247.1 129.3 264.9 140.2 275.8L204.2 339.8C215.1 350.7 232.9 350.7 243.8 339.8L371.8 211.8z\"><\/path><\/svg><\/div><div class=\"uagb-ifb-title-wrap\"><h3 class=\"uagb-ifb-title\">CONFORT<\/h3><\/div><p class=\"uagb-ifb-desc\">Viaja en veh\u00edculos modernos, limpios y con aire acondicionado. Proporcionamos un servicio amable y flexible, adaptado a tus preferencias y estilo de viaje. <\/p><\/div><\/div>\n<\/div>\n\n\n\n<div class=\"wp-block-uagb-container uagb-block-268a7584\">\n<div class=\"wp-block-uagb-info-box uagb-block-6727b895 uagb-infobox__content-wrap  uagb-infobox-icon-above-title uagb-infobox-image-valign-top\"><div class=\"uagb-ifb-content\"><div class=\"uagb-ifb-icon-wrap\"><svg xmlns=\"https:\/\/www.w3.org\/2000\/svg\" viewBox=\"0 0 512 512\"><path d=\"M0 256C0 114.6 114.6 0 256 0C397.4 0 512 114.6 512 256C512 397.4 397.4 512 256 512C114.6 512 0 397.4 0 256zM371.8 211.8C382.7 200.9 382.7 183.1 371.8 172.2C360.9 161.3 343.1 161.3 332.2 172.2L224 280.4L179.8 236.2C168.9 225.3 151.1 225.3 140.2 236.2C129.3 247.1 129.3 264.9 140.2 275.8L204.2 339.8C215.1 350.7 232.9 350.7 243.8 339.8L371.8 211.8z\"><\/path><\/svg><\/div><div class=\"uagb-ifb-title-wrap\"><h3 class=\"uagb-ifb-title\">PUNTUALIDAD<\/h3><\/div><p class=\"uagb-ifb-desc\">Valoramos tu tiempo.<br>Nuestros conductores llegan exactamente a la hora programada y siguen rutas eficaces para evitar retrasos innecesarios.<\/p><\/div><\/div>\n<\/div>\n\n\n\n<div class=\"wp-block-uagb-container uagb-block-fe23a21b\">\n<div class=\"wp-block-uagb-info-box uagb-block-8ff5933f uagb-infobox__content-wrap  uagb-infobox-icon-above-title uagb-infobox-image-valign-top\"><div class=\"uagb-ifb-content\"><div class=\"uagb-ifb-icon-wrap\"><svg xmlns=\"https:\/\/www.w3.org\/2000\/svg\" viewBox=\"0 0 512 512\"><path d=\"M0 256C0 114.6 114.6 0 256 0C397.4 0 512 114.6 512 256C512 397.4 397.4 512 256 512C114.6 512 0 397.4 0 256zM371.8 211.8C382.7 200.9 382.7 183.1 371.8 172.2C360.9 161.3 343.1 161.3 332.2 172.2L224 280.4L179.8 236.2C168.9 225.3 151.1 225.3 140.2 236.2C129.3 247.1 129.3 264.9 140.2 275.8L204.2 339.8C215.1 350.7 232.9 350.7 243.8 339.8L371.8 211.8z\"><\/path><\/svg><\/div><div class=\"uagb-ifb-title-wrap\"><h3 class=\"uagb-ifb-title\">SEGURIDAD<\/h3><\/div><p class=\"uagb-ifb-desc\">Cada traslado se planifica cuidadosamente, prestando atenci\u00f3n a los detalles y a la responsabilidad.<br>Nuestros experimentados conductores garantizan en todo momento un viaje tranquilo, seguro y sin preocupaciones.<\/p><\/div><\/div>\n<\/div>\n<\/div>\n<\/div><\/div>\n\n\n\n<div class=\"wp-block-uagb-container uagb-block-bb041ae5 alignfull uagb-is-root-container\"><div class=\"uagb-container-inner-blocks-wrap\">\n<div class=\"wp-block-uagb-info-box uagb-block-467524e0 uagb-infobox__content-wrap  uagb-infobox-icon-above-title uagb-infobox-image-valign-top\"><div class=\"uagb-ifb-content\"><div class=\"uagb-ifb-title-wrap\"><h5 class=\"uagb-ifb-title\">SERVICIOS<\/h5><\/div><p class=\"uagb-ifb-desc\">Ofrecemos <strong>traslados privados desde Montevideo<\/strong> a los principales destinos tur\u00edsticos y de negocios de Uruguay.<\/p><div class=\"uagb-ifb-button-wrapper wp-block-button\"><a href=\"https:\/\/uruguaytransfers.com\/es\/traslados-privados-en-montevideo\/\" class=\"uagb-infobox-cta-link wp-block-button__link\" target=\"_self\" rel=\"noopener noreferrer\" onclick=\"return true;\"><span class=\"uagb-inline-editing\">Traslados Privados en Montevideo<\/span><\/a><\/div><\/div><\/div>\n\n\n\n<div class=\"wp-block-uagb-buttons uagb-buttons__outer-wrap uagb-btn__default-btn uagb-btn-tablet__default-btn uagb-btn-mobile__default-btn uagb-block-8041480a\"><div class=\"uagb-buttons__wrap uagb-buttons-layout-wrap \">\n<div class=\"wp-block-uagb-buttons-child uagb-buttons__outer-wrap uagb-block-df3e5ce8 wp-block-button\"><div class=\"uagb-button__wrapper\"><a class=\"uagb-buttons-repeater wp-block-button__link\" aria-label=\"\" href=\"https:\/\/uruguaytransfers.com\/es\/traslados-aeropuerto-montevideo\/\" rel=\"follow noopener\" target=\"_self\" role=\"button\"><div class=\"uagb-button__link\">Traslados Aeropuerto Montevideo<\/div><\/a><\/div><\/div>\n<\/div><\/div>\n\n\n\n<div class=\"wp-block-uagb-buttons uagb-buttons__outer-wrap uagb-btn__default-btn uagb-btn-tablet__default-btn uagb-btn-mobile__default-btn uagb-block-990f965c\"><div class=\"uagb-buttons__wrap uagb-buttons-layout-wrap \">\n<div class=\"wp-block-uagb-buttons-child uagb-buttons__outer-wrap uagb-block-7bffdcd9 wp-block-button\"><div class=\"uagb-button__wrapper\"><a class=\"uagb-buttons-repeater wp-block-button__link\" aria-label=\"\" href=\"https:\/\/uruguaytransfers.com\/es\/traslados-de-larga-distancia\/\" rel=\"follow noopener\" target=\"_self\" role=\"button\"><div class=\"uagb-button__link\">Traslados Larga Distancia<\/div><\/a><\/div><\/div>\n<\/div><\/div>\n<\/div><\/div>\n\n\n\n<p><\/p>\n","protected":false},"excerpt":{"rendered":"<p>Traslados privados fiables para todo tipo de viajeros En Uruguay Transfers, proporcionamos servicios de transporte privado desde Montevideo a los principales destinos tur\u00edsticos y de negocios del pa\u00eds, ofreciendo una experiencia de viaje segura, c\u00f3moda y completamente libre de estr\u00e9s. M\u00e1s que un simple traslado, ofrecemos un servicio que se preocupa de verdad: combinamos fiabilidad, &hellip;<\/p>\n<p class=\"read-more\"> <a class=\"\" href=\"https:\/\/uruguaytransfers.com\/es\/\"> <span class=\"screen-reader-text\">Traslados privados desde Montevideo a los principales destinos tur\u00edsticos de Uruguay<\/span> Read More \u00bb<\/a><\/p>\n","protected":false},"author":1,"featured_media":4001,"parent":0,"menu_order":0,"comment_status":"closed","ping_status":"closed","template":"","meta":{"_uag_custom_page_level_css":"","site-sidebar-layout":"no-sidebar","site-content-layout":"page-builder","ast-global-header-display":"","ast-main-header-display":"","ast-hfb-above-header-display":"","ast-hfb-below-header-display":"","ast-hfb-mobile-header-display":"","site-post-title":"disabled","ast-breadcrumbs-content":"","ast-featured-img":"disabled","footer-sml-layout":"","theme-transparent-header-meta":"disabled","adv-header-id-meta":"","stick-header-meta":"","header-above-stick-meta":"","header-main-stick-meta":"","header-below-stick-meta":"","footnotes":""},"class_list":["post-2411","page","type-page","status-publish","has-post-thumbnail","hentry"],"yoast_head":"<!-- This site is optimized with the Yoast SEO plugin v27.2 - https:\/\/yoast.com\/product\/yoast-seo-wordpress\/ -->\n<title>Traslados Privados en Uruguay | Montevideo &amp; Traslados Aeropuerto<\/title>\n<meta name=\"description\" content=\"Ofrecemos traslados privados desde Montevideo a destinos tur\u00edsticos y de negocios con garant\u00eda de seguridad, puntualidad y confort\" \/>\n<meta name=\"robots\" content=\"index, follow, max-snippet:-1, max-image-preview:large, max-video-preview:-1\" \/>\n<link rel=\"canonical\" href=\"https:\/\/uruguaytransfers.com\/es\/\" \/>\n<meta property=\"og:locale\" content=\"es_ES\" \/>\n<meta property=\"og:type\" content=\"article\" \/>\n<meta property=\"og:title\" content=\"Traslados Privados en Uruguay | Montevideo &amp; Traslados Aeropuerto\" \/>\n<meta property=\"og:description\" content=\"Ofrecemos traslados privados desde Montevideo a destinos tur\u00edsticos y de negocios con garant\u00eda de seguridad, puntualidad y confort\" \/>\n<meta property=\"og:url\" content=\"https:\/\/uruguaytransfers.com\/es\/\" \/>\n<meta property=\"og:site_name\" content=\"Uruguay Transfers\" \/>\n<meta property=\"article:publisher\" content=\"https:\/\/www.facebook.com\/quebrachoexport\" \/>\n<meta property=\"article:modified_time\" content=\"2025-12-18T14:43:57+00:00\" \/>\n<meta property=\"og:image\" content=\"https:\/\/uruguaytransfers.com\/wp-content\/uploads\/2025\/12\/uruguay-transfers-1.webp\" \/>\n\t<meta property=\"og:image:width\" content=\"800\" \/>\n\t<meta property=\"og:image:height\" content=\"533\" \/>\n\t<meta property=\"og:image:type\" content=\"image\/webp\" \/>\n<meta name=\"twitter:card\" content=\"summary_large_image\" \/>\n<meta name=\"twitter:label1\" content=\"Tiempo de lectura\" \/>\n\t<meta name=\"twitter:data1\" content=\"2 minutos\" \/>\n<script type=\"application\/ld+json\" class=\"yoast-schema-graph\">{\"@context\":\"https:\/\/schema.org\",\"@graph\":[{\"@type\":\"WebPage\",\"@id\":\"https:\/\/uruguaytransfers.com\/es\/\",\"url\":\"https:\/\/uruguaytransfers.com\/es\/\",\"name\":\"Traslados Privados en Uruguay | Montevideo & Traslados Aeropuerto\",\"isPartOf\":{\"@id\":\"https:\/\/uruguaytransfers.com\/es\/#website\"},\"primaryImageOfPage\":{\"@id\":\"https:\/\/uruguaytransfers.com\/es\/#primaryimage\"},\"image\":{\"@id\":\"https:\/\/uruguaytransfers.com\/es\/#primaryimage\"},\"thumbnailUrl\":\"https:\/\/uruguaytransfers.com\/wp-content\/uploads\/2025\/12\/uruguay-transfers-1.webp\",\"datePublished\":\"2022-02-24T05:02:56+00:00\",\"dateModified\":\"2025-12-18T14:43:57+00:00\",\"description\":\"Ofrecemos traslados privados desde Montevideo a destinos tur\u00edsticos y de negocios con garant\u00eda de seguridad, puntualidad y confort\",\"breadcrumb\":{\"@id\":\"https:\/\/uruguaytransfers.com\/es\/#breadcrumb\"},\"inLanguage\":\"es\",\"potentialAction\":[{\"@type\":\"ReadAction\",\"target\":[\"https:\/\/uruguaytransfers.com\/es\/\"]}]},{\"@type\":\"ImageObject\",\"inLanguage\":\"es\",\"@id\":\"https:\/\/uruguaytransfers.com\/es\/#primaryimage\",\"url\":\"https:\/\/uruguaytransfers.com\/wp-content\/uploads\/2025\/12\/uruguay-transfers-1.webp\",\"contentUrl\":\"https:\/\/uruguaytransfers.com\/wp-content\/uploads\/2025\/12\/uruguay-transfers-1.webp\",\"width\":800,\"height\":533,\"caption\":\"Uruguay Transfers\"},{\"@type\":\"BreadcrumbList\",\"@id\":\"https:\/\/uruguaytransfers.com\/es\/#breadcrumb\",\"itemListElement\":[{\"@type\":\"ListItem\",\"position\":1,\"name\":\"Home\",\"item\":\"https:\/\/uruguaytransfers.com\/es\/\"},{\"@type\":\"ListItem\",\"position\":2,\"name\":\"Traslados privados desde Montevideo a los principales destinos tur\u00edsticos de Uruguay\"}]},{\"@type\":\"WebSite\",\"@id\":\"https:\/\/uruguaytransfers.com\/es\/#website\",\"url\":\"https:\/\/uruguaytransfers.com\/es\/\",\"name\":\"Uruguay Transfers\",\"description\":\"\",\"publisher\":{\"@id\":\"https:\/\/uruguaytransfers.com\/es\/#organization\"},\"potentialAction\":[{\"@type\":\"SearchAction\",\"target\":{\"@type\":\"EntryPoint\",\"urlTemplate\":\"https:\/\/uruguaytransfers.com\/es\/?s={search_term_string}\"},\"query-input\":{\"@type\":\"PropertyValueSpecification\",\"valueRequired\":true,\"valueName\":\"search_term_string\"}}],\"inLanguage\":\"es\"},{\"@type\":\"Organization\",\"@id\":\"https:\/\/uruguaytransfers.com\/es\/#organization\",\"name\":\"Uruguay Transfers\",\"url\":\"https:\/\/uruguaytransfers.com\/es\/\",\"logo\":{\"@type\":\"ImageObject\",\"inLanguage\":\"es\",\"@id\":\"https:\/\/uruguaytransfers.com\/es\/#\/schema\/logo\/image\/\",\"url\":\"https:\/\/uruguaytransfers.com\/wp-content\/uploads\/2025\/10\/cropped-logohorizontal_uruguaytransfers-1.png\",\"contentUrl\":\"https:\/\/uruguaytransfers.com\/wp-content\/uploads\/2025\/10\/cropped-logohorizontal_uruguaytransfers-1.png\",\"width\":383,\"height\":117,\"caption\":\"Uruguay Transfers\"},\"image\":{\"@id\":\"https:\/\/uruguaytransfers.com\/es\/#\/schema\/logo\/image\/\"},\"sameAs\":[\"https:\/\/www.facebook.com\/quebrachoexport\",\"https:\/\/www.linkedin.com\/company\/93223467\"]}]}<\/script>\n<!-- \/ Yoast SEO plugin. -->","yoast_head_json":{"title":"Traslados Privados en Uruguay | Montevideo & Traslados Aeropuerto","description":"Ofrecemos traslados privados desde Montevideo a destinos tur\u00edsticos y de negocios con garant\u00eda de seguridad, puntualidad y confort","robots":{"index":"index","follow":"follow","max-snippet":"max-snippet:-1","max-image-preview":"max-image-preview:large","max-video-preview":"max-video-preview:-1"},"canonical":"https:\/\/uruguaytransfers.com\/es\/","og_locale":"es_ES","og_type":"article","og_title":"Traslados Privados en Uruguay | Montevideo & Traslados Aeropuerto","og_description":"Ofrecemos traslados privados desde Montevideo a destinos tur\u00edsticos y de negocios con garant\u00eda de seguridad, puntualidad y confort","og_url":"https:\/\/uruguaytransfers.com\/es\/","og_site_name":"Uruguay Transfers","article_publisher":"https:\/\/www.facebook.com\/quebrachoexport","article_modified_time":"2025-12-18T14:43:57+00:00","og_image":[{"width":800,"height":533,"url":"https:\/\/uruguaytransfers.com\/wp-content\/uploads\/2025\/12\/uruguay-transfers-1.webp","type":"image\/webp"}],"twitter_card":"summary_large_image","twitter_misc":{"Tiempo de lectura":"2 minutos"},"schema":{"@context":"https:\/\/schema.org","@graph":[{"@type":"WebPage","@id":"https:\/\/uruguaytransfers.com\/es\/","url":"https:\/\/uruguaytransfers.com\/es\/","name":"Traslados Privados en Uruguay | Montevideo & Traslados Aeropuerto","isPartOf":{"@id":"https:\/\/uruguaytransfers.com\/es\/#website"},"primaryImageOfPage":{"@id":"https:\/\/uruguaytransfers.com\/es\/#primaryimage"},"image":{"@id":"https:\/\/uruguaytransfers.com\/es\/#primaryimage"},"thumbnailUrl":"https:\/\/uruguaytransfers.com\/wp-content\/uploads\/2025\/12\/uruguay-transfers-1.webp","datePublished":"2022-02-24T05:02:56+00:00","dateModified":"2025-12-18T14:43:57+00:00","description":"Ofrecemos traslados privados desde Montevideo a destinos tur\u00edsticos y de negocios con garant\u00eda de seguridad, puntualidad y confort","breadcrumb":{"@id":"https:\/\/uruguaytransfers.com\/es\/#breadcrumb"},"inLanguage":"es","potentialAction":[{"@type":"ReadAction","target":["https:\/\/uruguaytransfers.com\/es\/"]}]},{"@type":"ImageObject","inLanguage":"es","@id":"https:\/\/uruguaytransfers.com\/es\/#primaryimage","url":"https:\/\/uruguaytransfers.com\/wp-content\/uploads\/2025\/12\/uruguay-transfers-1.webp","contentUrl":"https:\/\/uruguaytransfers.com\/wp-content\/uploads\/2025\/12\/uruguay-transfers-1.webp","width":800,"height":533,"caption":"Uruguay Transfers"},{"@type":"BreadcrumbList","@id":"https:\/\/uruguaytransfers.com\/es\/#breadcrumb","itemListElement":[{"@type":"ListItem","position":1,"name":"Home","item":"https:\/\/uruguaytransfers.com\/es\/"},{"@type":"ListItem","position":2,"name":"Traslados privados desde Montevideo a los principales destinos tur\u00edsticos de Uruguay"}]},{"@type":"WebSite","@id":"https:\/\/uruguaytransfers.com\/es\/#website","url":"https:\/\/uruguaytransfers.com\/es\/","name":"Uruguay Transfers","description":"","publisher":{"@id":"https:\/\/uruguaytransfers.com\/es\/#organization"},"potentialAction":[{"@type":"SearchAction","target":{"@type":"EntryPoint","urlTemplate":"https:\/\/uruguaytransfers.com\/es\/?s={search_term_string}"},"query-input":{"@type":"PropertyValueSpecification","valueRequired":true,"valueName":"search_term_string"}}],"inLanguage":"es"},{"@type":"Organization","@id":"https:\/\/uruguaytransfers.com\/es\/#organization","name":"Uruguay Transfers","url":"https:\/\/uruguaytransfers.com\/es\/","logo":{"@type":"ImageObject","inLanguage":"es","@id":"https:\/\/uruguaytransfers.com\/es\/#\/schema\/logo\/image\/","url":"https:\/\/uruguaytransfers.com\/wp-content\/uploads\/2025\/10\/cropped-logohorizontal_uruguaytransfers-1.png","contentUrl":"https:\/\/uruguaytransfers.com\/wp-content\/uploads\/2025\/10\/cropped-logohorizontal_uruguaytransfers-1.png","width":383,"height":117,"caption":"Uruguay Transfers"},"image":{"@id":"https:\/\/uruguaytransfers.com\/es\/#\/schema\/logo\/image\/"},"sameAs":["https:\/\/www.facebook.com\/quebrachoexport","https:\/\/www.linkedin.com\/company\/93223467"]}]}},"uagb_featured_image_src":{"full":["https:\/\/uruguaytransfers.com\/wp-content\/uploads\/2025\/12\/uruguay-transfers-1.webp",800,533,false],"thumbnail":["https:\/\/uruguaytransfers.com\/wp-content\/uploads\/2025\/12\/uruguay-transfers-1-150x150.webp",150,150,true],"medium":["https:\/\/uruguaytransfers.com\/wp-content\/uploads\/2025\/12\/uruguay-transfers-1-300x200.webp",300,200,true],"medium_large":["https:\/\/uruguaytransfers.com\/wp-content\/uploads\/2025\/12\/uruguay-transfers-1-768x512.webp",768,512,true],"large":["https:\/\/uruguaytransfers.com\/wp-content\/uploads\/2025\/12\/uruguay-transfers-1.webp",800,533,false],"1536x1536":["https:\/\/uruguaytransfers.com\/wp-content\/uploads\/2025\/12\/uruguay-transfers-1.webp",800,533,false],"2048x2048":["https:\/\/uruguaytransfers.com\/wp-content\/uploads\/2025\/12\/uruguay-transfers-1.webp",800,533,false]},"uagb_author_info":{"display_name":"admin","author_link":"https:\/\/uruguaytransfers.com\/es\/author\/admin\/"},"uagb_comment_info":0,"uagb_excerpt":"Traslados privados fiables para todo tipo de viajeros En Uruguay Transfers, proporcionamos servicios de transporte privado desde Montevideo a los principales destinos tur\u00edsticos y de negocios del pa\u00eds, ofreciendo una experiencia de viaje segura, c\u00f3moda y completamente libre de estr\u00e9s. M\u00e1s que un simple traslado, ofrecemos un servicio que se preocupa de verdad: combinamos fiabilidad,&hellip;","_links":{"self":[{"href":"https:\/\/uruguaytransfers.com\/es\/wp-json\/wp\/v2\/pages\/2411","targetHints":{"allow":["GET"]}}],"collection":[{"href":"https:\/\/uruguaytransfers.com\/es\/wp-json\/wp\/v2\/pages"}],"about":[{"href":"https:\/\/uruguaytransfers.com\/es\/wp-json\/wp\/v2\/types\/page"}],"author":[{"embeddable":true,"href":"https:\/\/uruguaytransfers.com\/es\/wp-json\/wp\/v2\/users\/1"}],"replies":[{"embeddable":true,"href":"https:\/\/uruguaytransfers.com\/es\/wp-json\/wp\/v2\/comments?post=2411"}],"version-history":[{"count":36,"href":"https:\/\/uruguaytransfers.com\/es\/wp-json\/wp\/v2\/pages\/2411\/revisions"}],"predecessor-version":[{"id":4225,"href":"https:\/\/uruguaytransfers.com\/es\/wp-json\/wp\/v2\/pages\/2411\/revisions\/4225"}],"wp:featuredmedia":[{"embeddable":true,"href":"https:\/\/uruguaytransfers.com\/es\/wp-json\/wp\/v2\/media\/4001"}],"wp:attachment":[{"href":"https:\/\/uruguaytransfers.com\/es\/wp-json\/wp\/v2\/media?parent=2411"}],"curies":[{"name":"wp","href":"https:\/\/api.w.org\/{rel}","templated":true}]}}